{"id":2907,"date":"2025-05-14T10:46:00","date_gmt":"2025-05-14T08:46:00","guid":{"rendered":"https:\/\/www.suakai.com\/?page_id=2907"},"modified":"2025-09-26T12:41:34","modified_gmt":"2025-09-26T10:41:34","slug":"natura-vuelve-a-pamplona","status":"publish","type":"page","link":"https:\/\/www.suakai.com\/en\/agenda\/natura-vuelve-a-pamplona\/","title":{"rendered":"Natura vuelve a Pamplona"},"content":{"rendered":"\n<p>Natura cuenta, a trav\u00e9s de la m\u00fasica, la historia de una persona que vive en la emoci\u00f3n constante de perseguir sus sue\u00f1os. Alguien que se lanza con ilusi\u00f3n a la aventura de luchar por una idea. Una persona con la necesidad de buscar, de crear, que se deja guiar por su sed de vivir. Esa persona eres t\u00fa. Y soy yo.<\/p>\n\n\n\n<p>Premio Dolby Innovadores 2024, Natura es la m\u00e1xima expresi\u00f3n de la Neom\u00fasica, explorando la fusi\u00f3n entre dos mundos: la esencia de la m\u00fasica cl\u00e1sica y la tradici\u00f3n con la tecnolog\u00eda m\u00e1s avanzada. Su dise\u00f1o de sonido inmersivo en Dolby Atmos y la riqueza t\u00edmbrica creada para la ocasi\u00f3n dan vida a una experiencia sonora envolvente y \u00fanica.<\/p>\n\n\n\n<p>Natura es una llamada a todas esas personas so\u00f1adoras que comparten la emoci\u00f3n y el v\u00e9rtigo de perseguir sus sue\u00f1os, descubriendo en ello la esencia m\u00e1s profunda de la naturaleza humana.<\/p>\n\n\n\n<div class=\"wp-block-buttons is-layout-flex wp-block-buttons-is-layout-flex\">\n<div class=\"wp-block-button\"><a class=\"wp-block-button__link wp-element-button\" href=\"https:\/\/teatrogayarre.com\/suakai-natura\/\" target=\"_blank\" rel=\"noreferrer noopener nofollow\">Comprar entradas<\/a><\/div>\n<\/div>\n\n\n\n<p><\/p>\n","protected":false},"excerpt":{"rendered":"<p>Natura cuenta, a trav\u00e9s de la m\u00fasica, la historia de una persona que vive en la emoci\u00f3n constante de perseguir sus sue\u00f1os. Alguien que se lanza con ilusi\u00f3n a la aventura de luchar por una idea. Una persona con la necesidad de buscar, de crear, que se deja guiar por su sed de vivir. Esa [&hellip;]<\/p>\n","protected":false},"author":4,"featured_media":2883,"parent":87,"menu_order":0,"comment_status":"closed","ping_status":"closed","template":"templates\/conciertos.php","meta":{"_acf_changed":false,"footnotes":""},"class_list":["post-2907","page","type-page","status-publish","has-post-thumbnail","hentry"],"acf":[],"_links":{"self":[{"href":"https:\/\/www.suakai.com\/en\/wp-json\/wp\/v2\/pages\/2907","targetHints":{"allow":["GET"]}}],"collection":[{"href":"https:\/\/www.suakai.com\/en\/wp-json\/wp\/v2\/pages"}],"about":[{"href":"https:\/\/www.suakai.com\/en\/wp-json\/wp\/v2\/types\/page"}],"author":[{"embeddable":true,"href":"https:\/\/www.suakai.com\/en\/wp-json\/wp\/v2\/users\/4"}],"replies":[{"embeddable":true,"href":"https:\/\/www.suakai.com\/en\/wp-json\/wp\/v2\/comments?post=2907"}],"version-history":[{"count":6,"href":"https:\/\/www.suakai.com\/en\/wp-json\/wp\/v2\/pages\/2907\/revisions"}],"predecessor-version":[{"id":3206,"href":"https:\/\/www.suakai.com\/en\/wp-json\/wp\/v2\/pages\/2907\/revisions\/3206"}],"up":[{"embeddable":true,"href":"https:\/\/www.suakai.com\/en\/wp-json\/wp\/v2\/pages\/87"}],"wp:featuredmedia":[{"embeddable":true,"href":"https:\/\/www.suakai.com\/en\/wp-json\/wp\/v2\/media\/2883"}],"wp:attachment":[{"href":"https:\/\/www.suakai.com\/en\/wp-json\/wp\/v2\/media?parent=2907"}],"curies":[{"name":"wp","href":"https:\/\/api.w.org\/{rel}","templated":true}]}}