{"id":3384,"date":"2026-03-25T16:36:33","date_gmt":"2026-03-25T15:36:33","guid":{"rendered":"https:\/\/www.suakai.com\/?page_id=3384"},"modified":"2026-03-31T10:04:25","modified_gmt":"2026-03-31T08:04:25","slug":"musica-en-cada-rincon","status":"publish","type":"page","link":"https:\/\/www.suakai.com\/en\/proyectos-con-huella\/musica-en-cada-rincon\/","title":{"rendered":"M\u00fasica en Cada Rinc\u00f3n"},"content":{"rendered":"\n<p>M\u00fasica en Cada Rinc\u00f3n naci\u00f3 desde la convicci\u00f3n. Una propuesta tan arriesgada como \u00e9pica, que comenz\u00f3 llevando la m\u00fasica a lugares m\u00e1gicos y rec\u00f3nditos, rincones donde sentimos que la m\u00fasica ten\u00eda que sonar. Desde entonces, hemos recorrido pueblos remotos, escenarios imposibles y lugares donde parec\u00eda que no quedaba nadie\u2026 y, aun as\u00ed, siempre hab\u00eda alguien esperando. Porque creemos que, donde nada llega, debe llegar la m\u00fasica.<\/p>\n\n\n\n<p>Hoy, el proyecto se ha convertido en una experiencia completa que transforma lo cotidiano en inolvidable. Creamos un punto de encuentro donde se unen artistas, vecinos y visitantes, mezclando tecnolog\u00eda, territorio, cultura y emoci\u00f3n. Instalaciones interactivas, productos locales, espacios inmersivos y conciertos de m\u00e1xima calidad dan forma a una vivencia tan natural como irrepetible.<\/p>\n\n\n\n<p>M\u00fasica en Cada Rinc\u00f3n es una forma de mirar y de hacer.<br>Un sue\u00f1o que crece con nosotros, a\u00f1o tras a\u00f1o, rinc\u00f3n a rinc\u00f3n.<\/p>\n","protected":false},"excerpt":{"rendered":"<p>M\u00fasica en Cada Rinc\u00f3n naci\u00f3 desde la convicci\u00f3n. Una propuesta tan arriesgada como \u00e9pica, que comenz\u00f3 llevando la m\u00fasica a lugares m\u00e1gicos y rec\u00f3nditos, rincones donde sentimos que la m\u00fasica ten\u00eda que sonar. Desde entonces, hemos recorrido pueblos remotos, escenarios imposibles y lugares donde parec\u00eda que no quedaba nadie\u2026 y, aun as\u00ed, siempre hab\u00eda alguien [&hellip;]<\/p>\n","protected":false},"author":2,"featured_media":808,"parent":3382,"menu_order":1,"comment_status":"closed","ping_status":"closed","template":"templates\/proyecto.php","meta":{"_acf_changed":false,"footnotes":""},"class_list":["post-3384","page","type-page","status-publish","has-post-thumbnail","hentry"],"acf":[],"_links":{"self":[{"href":"https:\/\/www.suakai.com\/en\/wp-json\/wp\/v2\/pages\/3384","targetHints":{"allow":["GET"]}}],"collection":[{"href":"https:\/\/www.suakai.com\/en\/wp-json\/wp\/v2\/pages"}],"about":[{"href":"https:\/\/www.suakai.com\/en\/wp-json\/wp\/v2\/types\/page"}],"author":[{"embeddable":true,"href":"https:\/\/www.suakai.com\/en\/wp-json\/wp\/v2\/users\/2"}],"replies":[{"embeddable":true,"href":"https:\/\/www.suakai.com\/en\/wp-json\/wp\/v2\/comments?post=3384"}],"version-history":[{"count":14,"href":"https:\/\/www.suakai.com\/en\/wp-json\/wp\/v2\/pages\/3384\/revisions"}],"predecessor-version":[{"id":3497,"href":"https:\/\/www.suakai.com\/en\/wp-json\/wp\/v2\/pages\/3384\/revisions\/3497"}],"up":[{"embeddable":true,"href":"https:\/\/www.suakai.com\/en\/wp-json\/wp\/v2\/pages\/3382"}],"wp:featuredmedia":[{"embeddable":true,"href":"https:\/\/www.suakai.com\/en\/wp-json\/wp\/v2\/media\/808"}],"wp:attachment":[{"href":"https:\/\/www.suakai.com\/en\/wp-json\/wp\/v2\/media?parent=3384"}],"curies":[{"name":"wp","href":"https:\/\/api.w.org\/{rel}","templated":true}]}}